{"id":207,"date":"2025-10-10T18:03:20","date_gmt":"2025-10-10T23:03:20","guid":{"rendered":"https:\/\/wilferhenao.com\/legalprobs1\/?page_id=207"},"modified":"2025-10-30T17:14:43","modified_gmt":"2025-10-30T22:14:43","slug":"quienes-somos","status":"publish","type":"page","link":"https:\/\/wilferhenao.com\/legalprobs1\/quienes-somos\/","title":{"rendered":"Qui\u00e9nes somos"},"content":{"rendered":"\t\t<div data-elementor-type=\"wp-page\" data-elementor-id=\"207\" class=\"elementor elementor-207\">\n\t\t\t\t<div class=\"elementor-element elementor-element-3c32c5c e-flex e-con-boxed elementor-invisible e-con e-parent\" data-id=\"3c32c5c\" data-element_type=\"container\" data-settings=\"{&quot;background_background&quot;:&quot;classic&quot;,&quot;animation&quot;:&quot;fadeIn&quot;}\">\n\t\t\t\t\t<div class=\"e-con-inner\">\n\t\t\t\t<div class=\"elementor-element elementor-element-5180395 elementor-invisible elementor-widget elementor-widget-jet-listing-dynamic-field\" data-id=\"5180395\" data-element_type=\"widget\" data-settings=\"{&quot;_animation&quot;:&quot;fadeInUp&quot;}\" data-widget_type=\"jet-listing-dynamic-field.default\">\n\t\t\t\t\t<div class=\"jet-listing jet-listing-dynamic-field display-inline\"><div class=\"jet-listing-dynamic-field__inline-wrap\"><div class=\"jet-listing-dynamic-field__content\">Qui\u00e9nes Somos<\/div><\/div><\/div>\t\t\t\t<\/div>\n\t\t\t\t\t<\/div>\n\t\t\t\t<\/div>\n\t\t<div class=\"elementor-element elementor-element-35ee2d9 e-flex e-con-boxed e-con e-parent\" data-id=\"35ee2d9\" data-element_type=\"container\">\n\t\t\t\t\t<div class=\"e-con-inner\">\n\t\t<div class=\"elementor-element elementor-element-e153253 e-con-full e-flex elementor-invisible e-con e-child\" data-id=\"e153253\" data-element_type=\"container\" data-settings=\"{&quot;animation&quot;:&quot;fadeInLeft&quot;}\">\n\t\t\t\t<div class=\"elementor-element elementor-element-31697fc elementor-widget elementor-widget-jet-listing-dynamic-image\" data-id=\"31697fc\" data-element_type=\"widget\" data-widget_type=\"jet-listing-dynamic-image.default\">\n\t\t\t\t\t<div class=\"jet-listing jet-listing-dynamic-image\" ><img fetchpriority=\"high\" decoding=\"async\" width=\"561\" height=\"686\" src=\"https:\/\/wilferhenao.com\/legalprobs1\/wp-content\/uploads\/sites\/39\/2025\/10\/2-2.jpg\" class=\"jet-listing-dynamic-image__img attachment-full size-full\" alt=\"Imagen qui\u00e9nes somos pagina interna\" srcset=\"https:\/\/wilferhenao.com\/legalprobs1\/wp-content\/uploads\/sites\/39\/2025\/10\/2-2.jpg 561w, https:\/\/wilferhenao.com\/legalprobs1\/wp-content\/uploads\/sites\/39\/2025\/10\/2-2-245x300.jpg 245w\" sizes=\"(max-width: 561px) 100vw, 561px\" loading=\"eager\" \/><\/div>\t\t\t\t<\/div>\n\t\t\t\t<\/div>\n\t\t<div class=\"elementor-element elementor-element-502f836 e-con-full e-flex e-con e-child\" data-id=\"502f836\" data-element_type=\"container\">\n\t\t\t\t<div class=\"elementor-element elementor-element-77ecad3 elementor-invisible elementor-widget elementor-widget-jet-listing-dynamic-field\" data-id=\"77ecad3\" data-element_type=\"widget\" data-settings=\"{&quot;_animation&quot;:&quot;fadeInRight&quot;}\" data-widget_type=\"jet-listing-dynamic-field.default\">\n\t\t\t\t\t<div class=\"jet-listing jet-listing-dynamic-field display-inline\"><div class=\"jet-listing-dynamic-field__inline-wrap\"><div class=\"jet-listing-dynamic-field__content\"><p>Fundado en [a\u00f1o de fundaci\u00f3n], el despacho naci\u00f3 con la visi\u00f3n de ofrecer asesor\u00eda legal clara, cercana y de alto nivel. A lo largo de los a\u00f1os, hemos consolidado una reputaci\u00f3n basada en la confianza, el profesionalismo y la resoluci\u00f3n efectiva de conflictos.<\/p>\n<p>&nbsp;<\/p>\n<h3>\u00c1reas de pr\u00e1ctica<\/h3>\n<ul>\n<li><strong>Derecho Laboral:<\/strong> Defensa de trabajadores y empleadores, conciliaciones, indemnizaciones y asesor\u00eda preventiva.<\/li>\n<li><strong>Derecho Civil:<\/strong> Contratos, sucesiones, propiedad horizontal, responsabilidad civil.<\/li>\n<li><strong>Derecho Penal:<\/strong> Representaci\u00f3n en procesos penales, defensa t\u00e9cnica y acompa\u00f1amiento integral.<\/li>\n<li><strong>Derecho Comercial:<\/strong> Asesor\u00eda a empresas, constituci\u00f3n de sociedades, litigios mercantiles.<\/li>\n<\/ul>\n<p>&nbsp;<\/p>\n<h3>Nuestros valores<\/h3>\n<ul>\n<li><strong>\u00c9tica:<\/strong> Actuamos con integridad, transparencia y respeto por la ley.<\/li>\n<li><strong>Compromiso:<\/strong> Nos involucramos a fondo en cada caso, como si fuera propio.<\/li>\n<li><strong>Excelencia:<\/strong> Buscamos siempre el mejor resultado posible, con profesionalismo y dedicaci\u00f3n.<\/li>\n<li><strong>Cercan\u00eda:<\/strong> Creemos en la comunicaci\u00f3n clara, directa y emp\u00e1tica con nuestros clientes.<\/li>\n<li><strong>Confianza:<\/strong> Construimos relaciones duraderas basadas en resultados y honestidad.<\/li>\n<\/ul>\n<\/div><\/div><\/div>\t\t\t\t<\/div>\n\t\t\t\t<\/div>\n\t\t\t\t\t<\/div>\n\t\t\t\t<\/div>\n\t\t\t\t<\/div>\n\t\t","protected":false},"excerpt":{"rendered":"<p>Qui\u00e9nes Somos Fundado en [a\u00f1o de fundaci\u00f3n], el despacho naci\u00f3 con la visi\u00f3n de ofrecer asesor\u00eda legal clara, cercana y de alto nivel. A lo largo de los a\u00f1os, hemos consolidado una reputaci\u00f3n basada en la confianza, el profesionalismo y la resoluci\u00f3n efectiva de conflictos. &nbsp; \u00c1reas de pr\u00e1ctica Derecho Laboral: Defensa de trabajadores y [&hellip;]<\/p>\n","protected":false},"author":1,"featured_media":0,"parent":0,"menu_order":0,"comment_status":"closed","ping_status":"closed","template":"","meta":{"_jet_sm_ready_style":"","_jet_sm_style":"","_jet_sm_controls_values":"","_jet_sm_fonts_collection":"","_jet_sm_fonts_links":"","footnotes":""},"class_list":["post-207","page","type-page","status-publish","hentry"],"_links":{"self":[{"href":"https:\/\/wilferhenao.com\/legalprobs1\/wp-json\/wp\/v2\/pages\/207","targetHints":{"allow":["GET"]}}],"collection":[{"href":"https:\/\/wilferhenao.com\/legalprobs1\/wp-json\/wp\/v2\/pages"}],"about":[{"href":"https:\/\/wilferhenao.com\/legalprobs1\/wp-json\/wp\/v2\/types\/page"}],"author":[{"embeddable":true,"href":"https:\/\/wilferhenao.com\/legalprobs1\/wp-json\/wp\/v2\/users\/1"}],"replies":[{"embeddable":true,"href":"https:\/\/wilferhenao.com\/legalprobs1\/wp-json\/wp\/v2\/comments?post=207"}],"version-history":[{"count":25,"href":"https:\/\/wilferhenao.com\/legalprobs1\/wp-json\/wp\/v2\/pages\/207\/revisions"}],"predecessor-version":[{"id":791,"href":"https:\/\/wilferhenao.com\/legalprobs1\/wp-json\/wp\/v2\/pages\/207\/revisions\/791"}],"wp:attachment":[{"href":"https:\/\/wilferhenao.com\/legalprobs1\/wp-json\/wp\/v2\/media?parent=207"}],"curies":[{"name":"wp","href":"https:\/\/api.w.org\/{rel}","templated":true}]}}