{"id":1195,"date":"2025-11-06T19:39:13","date_gmt":"2025-11-07T00:39:13","guid":{"rendered":"https:\/\/wilferhenao.com\/legalprobs1\/?post_type=product&#038;p=1195"},"modified":"2025-11-06T19:40:23","modified_gmt":"2025-11-07T00:40:23","slug":"redaccion-y-gestion-legal","status":"publish","type":"product","link":"https:\/\/wilferhenao.com\/legalprobs1\/producto\/redaccion-y-gestion-legal\/","title":{"rendered":"Redacci\u00f3n y gesti\u00f3n legal"},"content":{"rendered":"<p>Incluye ajustes personalizados, registro ante entidades, soporte en la implementaci\u00f3n y acompa\u00f1amiento en la interpretaci\u00f3n contractual. Cada documento fortalece tu estructura legal y proyecta confianza ante clientes, aliados y autoridades.<\/p>\n","protected":false},"excerpt":{"rendered":"<p>Redactamos y revisamos contratos, pol\u00edticas, t\u00e9rminos y documentos legales adaptados a la l\u00f3gica operativa de tu negocio.<\/p>\n","protected":false},"featured_media":435,"comment_status":"open","ping_status":"closed","template":"","meta":{"_jet_sm_ready_style":"","_jet_sm_style":"","_jet_sm_controls_values":"","_jet_sm_fonts_collection":"","_jet_sm_fonts_links":""},"product_brand":[],"product_cat":[28],"product_tag":[],"class_list":{"0":"post-1195","1":"product","2":"type-product","3":"status-publish","4":"has-post-thumbnail","6":"product_cat-sin-categorizar","8":"first","9":"instock","10":"sold-individually","11":"shipping-taxable","12":"purchasable","13":"product-type-booking"},"_links":{"self":[{"href":"https:\/\/wilferhenao.com\/legalprobs1\/wp-json\/wp\/v2\/product\/1195","targetHints":{"allow":["GET"]}}],"collection":[{"href":"https:\/\/wilferhenao.com\/legalprobs1\/wp-json\/wp\/v2\/product"}],"about":[{"href":"https:\/\/wilferhenao.com\/legalprobs1\/wp-json\/wp\/v2\/types\/product"}],"replies":[{"embeddable":true,"href":"https:\/\/wilferhenao.com\/legalprobs1\/wp-json\/wp\/v2\/comments?post=1195"}],"wp:featuredmedia":[{"embeddable":true,"href":"https:\/\/wilferhenao.com\/legalprobs1\/wp-json\/wp\/v2\/media\/435"}],"wp:attachment":[{"href":"https:\/\/wilferhenao.com\/legalprobs1\/wp-json\/wp\/v2\/media?parent=1195"}],"wp:term":[{"taxonomy":"product_brand","embeddable":true,"href":"https:\/\/wilferhenao.com\/legalprobs1\/wp-json\/wp\/v2\/product_brand?post=1195"},{"taxonomy":"product_cat","embeddable":true,"href":"https:\/\/wilferhenao.com\/legalprobs1\/wp-json\/wp\/v2\/product_cat?post=1195"},{"taxonomy":"product_tag","embeddable":true,"href":"https:\/\/wilferhenao.com\/legalprobs1\/wp-json\/wp\/v2\/product_tag?post=1195"}],"curies":[{"name":"wp","href":"https:\/\/api.w.org\/{rel}","templated":true}]}}